{"id":225,"date":"2017-05-08T15:44:26","date_gmt":"2017-05-08T15:44:26","guid":{"rendered":"http:\/\/marquesbritas.pt\/?page_id=225&#038;lang=en"},"modified":"2017-09-12T17:31:12","modified_gmt":"2017-09-12T17:31:12","slug":"sitemap","status":"publish","type":"page","link":"https:\/\/marquesbritas.pt\/en\/sitemap\/","title":{"rendered":"SITEMAP"},"content":{"rendered":"<p><a href=\"http:\/\/marquesbritas.pt\/\"><strong>INDEX<\/strong><\/a><\/p>\n<p>&nbsp;<\/p>\n<p><a href=\"http:\/\/marquesbritas.pt\/sector\/\"><strong>SETORES<\/strong><\/a><\/p>\n<p>Constru\u00e7\u00e3o<\/p>\n<p>Distribui\u00e7\u00e3o<\/p>\n<p>Sa\u00fade<\/p>\n<p>Exporta\u00e7\u00e3o<\/p>\n<p>&nbsp;<\/p>\n<p><a href=\"http:\/\/marquesbritas.pt\/sobre\/\"><strong>SOBRE<\/strong><\/a><\/p>\n<p>Somos<\/p>\n<p>Fundadores<\/p>\n<p>Cronologia<\/p>\n<p>Capacidade Industrial<\/p>\n<p>Responsabilidade Social<\/p>\n<p>&nbsp;<\/p>\n<p><a href=\"\/grupomarques?page_id=57\"><strong>CONTATOS<\/strong><\/a><\/p>\n<p>&nbsp;<\/p>\n<p>&nbsp;<\/p>\n","protected":false},"excerpt":{"rendered":"<p>INDEX &nbsp; SETORES Constru\u00e7\u00e3o Distribui\u00e7\u00e3o Sa\u00fade Exporta\u00e7\u00e3o &nbsp; SOBRE Somos Fundadores Cronologia Capacidade Industrial Responsabilidade Social &nbsp; CONTATOS &nbsp; &nbsp;<\/p>\n","protected":false},"author":1,"featured_media":1167,"parent":0,"menu_order":0,"comment_status":"closed","ping_status":"closed","template":"","meta":[],"_links":{"self":[{"href":"https:\/\/marquesbritas.pt\/en\/wp-json\/wp\/v2\/pages\/225"}],"collection":[{"href":"https:\/\/marquesbritas.pt\/en\/wp-json\/wp\/v2\/pages"}],"about":[{"href":"https:\/\/marquesbritas.pt\/en\/wp-json\/wp\/v2\/types\/page"}],"author":[{"embeddable":true,"href":"https:\/\/marquesbritas.pt\/en\/wp-json\/wp\/v2\/users\/1"}],"replies":[{"embeddable":true,"href":"https:\/\/marquesbritas.pt\/en\/wp-json\/wp\/v2\/comments?post=225"}],"version-history":[{"count":3,"href":"https:\/\/marquesbritas.pt\/en\/wp-json\/wp\/v2\/pages\/225\/revisions"}],"predecessor-version":[{"id":976,"href":"https:\/\/marquesbritas.pt\/en\/wp-json\/wp\/v2\/pages\/225\/revisions\/976"}],"wp:featuredmedia":[{"embeddable":true,"href":"https:\/\/marquesbritas.pt\/en\/wp-json\/wp\/v2\/media\/1167"}],"wp:attachment":[{"href":"https:\/\/marquesbritas.pt\/en\/wp-json\/wp\/v2\/media?parent=225"}],"curies":[{"name":"wp","href":"https:\/\/api.w.org\/{rel}","templated":true}]}}